{"id":95,"date":"2023-08-10T13:45:22","date_gmt":"2023-08-10T11:45:22","guid":{"rendered":"https:\/\/nowy-format.pl\/?page_id=95"},"modified":"2023-08-10T13:45:22","modified_gmt":"2023-08-10T11:45:22","slug":"o-mnie","status":"publish","type":"page","link":"https:\/\/nowy-format.pl\/?page_id=95","title":{"rendered":"O mnie"},"content":{"rendered":"<div class=\"wp-block-image\">\n<figure class=\"alignright size-large is-resized\"><img loading=\"lazy\" decoding=\"async\" src=\"https:\/\/nowy-format.pl\/wp-content\/uploads\/2023\/08\/IMG_20220222_150851-\u2014-kopia-832x1024.jpg\" alt=\"\" class=\"wp-image-96\" style=\"width:299px;height:368px\" width=\"299\" height=\"368\" srcset=\"https:\/\/nowy-format.pl\/wp-content\/uploads\/2023\/08\/IMG_20220222_150851-\u2014-kopia-832x1024.jpg 832w, https:\/\/nowy-format.pl\/wp-content\/uploads\/2023\/08\/IMG_20220222_150851-\u2014-kopia-244x300.jpg 244w, https:\/\/nowy-format.pl\/wp-content\/uploads\/2023\/08\/IMG_20220222_150851-\u2014-kopia-768x945.jpg 768w, https:\/\/nowy-format.pl\/wp-content\/uploads\/2023\/08\/IMG_20220222_150851-\u2014-kopia-1248x1536.jpg 1248w, https:\/\/nowy-format.pl\/wp-content\/uploads\/2023\/08\/IMG_20220222_150851-\u2014-kopia.jpg 1575w\" sizes=\"auto, (max-width: 299px) 100vw, 299px\" \/><\/figure>\n<\/div>\n\n\n<p>mgr in\u017c. arch. Tomasz Cicho\u0144<\/p>\n\n\n\n<p>Architekt<\/p>\n\n\n\n<p>absolwent Politechniki Wroc\u0142awskiej, kierunek Architektura i Urbanistyka, JSM,\u00a0rok 2007<\/p>\n\n\n\n<p>absolwent Politechniki Wroc\u0142awskiej, Wydzia\u0142 Budownictwa L\u0105dowego i Wodnego, specjalno\u015b\u0107\u00a0Konstrukcje Budowlane (KBU)\u00a0, USM II-stopnia, rok 2014<\/p>\n\n\n\n<p>Do\u015bwiadczenie zawodowe:<\/p>\n\n\n\n<p>2021-obecnie <span style=\"text-decoration: underline;\">Nowy Format<\/span>, Jelenia G\u00f3ra, architekt prowadz\u0105cy;  projekty mieszkaniowe indywidualne, zespo\u0142y zabudowy i budynki wielorodzinnych oraz us\u0142ugowe, g\u0142\u00f3wnie sektora hotelarskiego i gastronomicznego. <\/p>\n\n\n\n<p>2010-2021 <span style=\"text-decoration: underline;\">Pracowania Projektowa Format<\/span>, Jelenia G\u00f3ra; architekt, architekt prowadz\u0105cy; praca przy projektach mieszkaniowych indywidualnych i wielorodzinnych oraz us\u0142ugowych, g\u0142\u00f3wnie sektora hotelarskiego i gastronomicznego.<\/p>\n\n\n\n<p>2007-2010 <span style=\"text-decoration: underline;\">Baily Garner LLP<\/span>, Londyn; architect part 2; praca przy wszystkich stadiach projekt\u00f3w, g\u0142\u00f3wnie w zakresie mieszkalnictwa wspomaganego oraz socjalnego.<\/p>\n","protected":false},"excerpt":{"rendered":"<p>mgr in\u017c. arch. Tomasz Cicho\u0144 Architekt absolwent Politechniki Wroc\u0142awskiej, kierunek Architektura i Urbanistyka, JSM,\u00a0rok 2007 absolwent Politechniki Wroc\u0142awskiej, Wydzia\u0142 Budownictwa L\u0105dowego i Wodnego, specjalno\u015b\u0107\u00a0Konstrukcje Budowlane&hellip; <\/p>\n","protected":false},"author":1,"featured_media":0,"parent":0,"menu_order":0,"comment_status":"closed","ping_status":"closed","template":"","meta":{"footnotes":""},"class_list":["post-95","page","type-page","status-publish","hentry"],"_links":{"self":[{"href":"https:\/\/nowy-format.pl\/index.php?rest_route=\/wp\/v2\/pages\/95","targetHints":{"allow":["GET"]}}],"collection":[{"href":"https:\/\/nowy-format.pl\/index.php?rest_route=\/wp\/v2\/pages"}],"about":[{"href":"https:\/\/nowy-format.pl\/index.php?rest_route=\/wp\/v2\/types\/page"}],"author":[{"embeddable":true,"href":"https:\/\/nowy-format.pl\/index.php?rest_route=\/wp\/v2\/users\/1"}],"replies":[{"embeddable":true,"href":"https:\/\/nowy-format.pl\/index.php?rest_route=%2Fwp%2Fv2%2Fcomments&post=95"}],"version-history":[{"count":1,"href":"https:\/\/nowy-format.pl\/index.php?rest_route=\/wp\/v2\/pages\/95\/revisions"}],"predecessor-version":[{"id":97,"href":"https:\/\/nowy-format.pl\/index.php?rest_route=\/wp\/v2\/pages\/95\/revisions\/97"}],"wp:attachment":[{"href":"https:\/\/nowy-format.pl\/index.php?rest_route=%2Fwp%2Fv2%2Fmedia&parent=95"}],"curies":[{"name":"wp","href":"https:\/\/api.w.org\/{rel}","templated":true}]}}